{"id":447,"date":"2025-08-19T14:26:14","date_gmt":"2025-08-19T14:26:14","guid":{"rendered":"https:\/\/www.ben-arous.com\/?page_id=447"},"modified":"2025-08-27T20:57:12","modified_gmt":"2025-08-27T20:57:12","slug":"immobilier-ben-arous-contact","status":"publish","type":"page","link":"https:\/\/www.ben-arous.com\/immo\/immobilier-ben-arous-contact\/","title":{"rendered":"Immobilier Ben Arous &#8211; Contact"},"content":{"rendered":"\n<ul class=\"wp-block-list\">\n<li>E-mail : <strong>contact@ben-arous.com<\/strong><a href=\"tel:28888561\"><\/a><\/li>\n\n\n\n<li>T\u00e9l\u00e9phone : <a href=\"tel:28888561\"><strong>28 888 561<\/strong><\/a><\/li>\n\n\n\n<li>Page Facebook : <a href=\"https:\/\/www.facebook.com\/benarouscom\" target=\"_blank\" rel=\"noreferrer noopener\"><strong>https:\/\/www.facebook.com\/benarouscom<\/strong><\/a><a href=\"https:\/\/www.facebook.com\/benarouscom\" target=\"_blank\" rel=\"noreferrer noopener\"><\/a><\/li>\n<\/ul>\n\n\n\n<iframe src=\"https:\/\/www.google.com\/maps\/embed?pb=!1m18!1m12!1m3!1d3196.8037441833653!2d10.221607174950146!3d36.75128157045689!2m3!1f0!2f0!3f0!3m2!1i1024!2i768!4f13.1!3m3!1m2!1s0x12fd37001933cca9%3A0x336fb7eeff1d2c2c!2sAgence%20Immobili%C3%A8re%20Ben%20Arous%20Immobilier!5e0!3m2!1sfr!2stn!4v1754926435587!5m2!1sfr!2stn\" width=\"100%\" height=\"100%\" style=\"border:0;\" allowfullscreen=\"\" loading=\"lazy\" referrerpolicy=\"no-referrer-when-downgrade\"><\/iframe>\n","protected":false},"excerpt":{"rendered":"","protected":false},"author":28,"featured_media":0,"parent":0,"menu_order":0,"comment_status":"closed","ping_status":"closed","template":"","meta":{"footnotes":""},"class_list":["post-447","page","type-page","status-publish","hentry"],"yoast_head":"<!-- This site is optimized with the Yoast SEO plugin v27.4 - https:\/\/yoast.com\/product\/yoast-seo-wordpress\/ -->\n<title>Immobilier Ben Arous - Contact - Immobilier Ben Arous<\/title>\n<meta name=\"description\" content=\"Contact Agence immobili\u00e8re Ben Arous : contact des agences immobilieres \u00e0 Ben Arous Ville , BouMhel el-Bassatine, El Mourouj (El mourouj 1, 2, 3, 4, 5, et 6) Ezzahra, Fouchana, Hammam Chott, Borj C\u00e9dria, Hammam Lif, Mohamedia, Medina Jedida, M\u00e9grine, Mornag et Rad\u00e8s\" \/>\n<meta name=\"robots\" content=\"index, follow, max-snippet:-1, max-image-preview:large, max-video-preview:-1\" \/>\n<link rel=\"canonical\" href=\"https:\/\/www.ben-arous.com\/immo\/immobilier-ben-arous-contact\/\" \/>\n<meta property=\"og:locale\" content=\"fr_FR\" \/>\n<meta property=\"og:type\" content=\"article\" \/>\n<meta property=\"og:title\" content=\"Immobilier Ben Arous - Contact - Immobilier Ben Arous\" \/>\n<meta property=\"og:description\" content=\"Contact Agence immobili\u00e8re Ben Arous : contact des agences immobilieres \u00e0 Ben Arous Ville , BouMhel el-Bassatine, El Mourouj (El mourouj 1, 2, 3, 4, 5, et 6) Ezzahra, Fouchana, Hammam Chott, Borj C\u00e9dria, Hammam Lif, Mohamedia, Medina Jedida, M\u00e9grine, Mornag et Rad\u00e8s\" \/>\n<meta property=\"og:url\" content=\"https:\/\/www.ben-arous.com\/immo\/immobilier-ben-arous-contact\/\" \/>\n<meta property=\"og:site_name\" content=\"Immobilier Ben Arous\" \/>\n<meta property=\"article:modified_time\" content=\"2025-08-27T20:57:12+00:00\" \/>\n<meta property=\"og:image\" content=\"https:\/\/www.ben-arous.com\/immo\/wp-content\/uploads\/2025\/08\/ben-arous-immobilier-favicon.png\" \/>\n\t<meta property=\"og:image:width\" content=\"512\" \/>\n\t<meta property=\"og:image:height\" content=\"512\" \/>\n\t<meta property=\"og:image:type\" content=\"image\/png\" \/>\n<meta name=\"twitter:card\" content=\"summary_large_image\" \/>\n<meta name=\"twitter:label1\" content=\"Dur\u00e9e de lecture estim\u00e9e\" \/>\n\t<meta name=\"twitter:data1\" content=\"1 minute\" \/>\n<!-- \/ Yoast SEO plugin. -->","yoast_head_json":{"title":"Immobilier Ben Arous - Contact - Immobilier Ben Arous","description":"Contact Agence immobili\u00e8re Ben Arous : contact des agences immobilieres \u00e0 Ben Arous Ville , BouMhel el-Bassatine, El Mourouj (El mourouj 1, 2, 3, 4, 5, et 6) Ezzahra, Fouchana, Hammam Chott, Borj C\u00e9dria, Hammam Lif, Mohamedia, Medina Jedida, M\u00e9grine, Mornag et Rad\u00e8s","robots":{"index":"index","follow":"follow","max-snippet":"max-snippet:-1","max-image-preview":"max-image-preview:large","max-video-preview":"max-video-preview:-1"},"canonical":"https:\/\/www.ben-arous.com\/immo\/immobilier-ben-arous-contact\/","og_locale":"fr_FR","og_type":"article","og_title":"Immobilier Ben Arous - Contact - Immobilier Ben Arous","og_description":"Contact Agence immobili\u00e8re Ben Arous : contact des agences immobilieres \u00e0 Ben Arous Ville , BouMhel el-Bassatine, El Mourouj (El mourouj 1, 2, 3, 4, 5, et 6) Ezzahra, Fouchana, Hammam Chott, Borj C\u00e9dria, Hammam Lif, Mohamedia, Medina Jedida, M\u00e9grine, Mornag et Rad\u00e8s","og_url":"https:\/\/www.ben-arous.com\/immo\/immobilier-ben-arous-contact\/","og_site_name":"Immobilier Ben Arous","article_modified_time":"2025-08-27T20:57:12+00:00","og_image":[{"width":512,"height":512,"url":"https:\/\/www.ben-arous.com\/immo\/wp-content\/uploads\/2025\/08\/ben-arous-immobilier-favicon.png","type":"image\/png"}],"twitter_card":"summary_large_image","twitter_misc":{"Dur\u00e9e de lecture estim\u00e9e":"1 minute"},"schema":{"@context":"https:\/\/schema.org","@graph":[{"@type":"WebPage","@id":"https:\/\/www.ben-arous.com\/immo\/immobilier-ben-arous-contact\/","url":"https:\/\/www.ben-arous.com\/immo\/immobilier-ben-arous-contact\/","name":"Immobilier Ben Arous - Contact - Immobilier Ben Arous","isPartOf":{"@id":"https:\/\/www.ben-arous.com\/immo\/#website"},"datePublished":"2025-08-19T14:26:14+00:00","dateModified":"2025-08-27T20:57:12+00:00","description":"Contact Agence immobili\u00e8re Ben Arous : contact des agences immobilieres \u00e0 Ben Arous Ville , BouMhel el-Bassatine, El Mourouj (El mourouj 1, 2, 3, 4, 5, et 6) Ezzahra, Fouchana, Hammam Chott, Borj C\u00e9dria, Hammam Lif, Mohamedia, Medina Jedida, M\u00e9grine, Mornag et Rad\u00e8s","breadcrumb":{"@id":"https:\/\/www.ben-arous.com\/immo\/immobilier-ben-arous-contact\/#breadcrumb"},"inLanguage":"fr-FR","potentialAction":[{"@type":"ReadAction","target":["https:\/\/www.ben-arous.com\/immo\/immobilier-ben-arous-contact\/"]}]},{"@type":"BreadcrumbList","@id":"https:\/\/www.ben-arous.com\/immo\/immobilier-ben-arous-contact\/#breadcrumb","itemListElement":[{"@type":"ListItem","position":1,"name":"Accueil","item":"https:\/\/www.ben-arous.com\/immo\/"},{"@type":"ListItem","position":2,"name":"Immobilier Ben Arous &#8211; Contact"}]},{"@type":"WebSite","@id":"https:\/\/www.ben-arous.com\/immo\/#website","url":"https:\/\/www.ben-arous.com\/immo\/","name":"Immobilier Ben Arous","description":"Immobilier Ben Arous","publisher":{"@id":"https:\/\/www.ben-arous.com\/immo\/#organization"},"alternateName":"Immobilier Ben Arous","potentialAction":[{"@type":"SearchAction","target":{"@type":"EntryPoint","urlTemplate":"https:\/\/www.ben-arous.com\/immo\/?s={search_term_string}"},"query-input":{"@type":"PropertyValueSpecification","valueRequired":true,"valueName":"search_term_string"}}],"inLanguage":"fr-FR"},{"@type":"Organization","@id":"https:\/\/www.ben-arous.com\/immo\/#organization","name":"Immobilier Ben Arous","url":"https:\/\/www.ben-arous.com\/immo\/","logo":{"@type":"ImageObject","inLanguage":"fr-FR","@id":"https:\/\/www.ben-arous.com\/immo\/#\/schema\/logo\/image\/","url":"https:\/\/www.ben-arous.com\/immo\/wp-content\/uploads\/2025\/08\/cropped-ben-arous-immobilier-favicon.png","contentUrl":"https:\/\/www.ben-arous.com\/immo\/wp-content\/uploads\/2025\/08\/cropped-ben-arous-immobilier-favicon.png","width":512,"height":512,"caption":"Immobilier Ben Arous"},"image":{"@id":"https:\/\/www.ben-arous.com\/immo\/#\/schema\/logo\/image\/"}}]}},"_links":{"self":[{"href":"https:\/\/www.ben-arous.com\/immo\/wp-json\/wp\/v2\/pages\/447","targetHints":{"allow":["GET"]}}],"collection":[{"href":"https:\/\/www.ben-arous.com\/immo\/wp-json\/wp\/v2\/pages"}],"about":[{"href":"https:\/\/www.ben-arous.com\/immo\/wp-json\/wp\/v2\/types\/page"}],"author":[{"embeddable":true,"href":"https:\/\/www.ben-arous.com\/immo\/wp-json\/wp\/v2\/users\/28"}],"replies":[{"embeddable":true,"href":"https:\/\/www.ben-arous.com\/immo\/wp-json\/wp\/v2\/comments?post=447"}],"version-history":[{"count":4,"href":"https:\/\/www.ben-arous.com\/immo\/wp-json\/wp\/v2\/pages\/447\/revisions"}],"predecessor-version":[{"id":1555,"href":"https:\/\/www.ben-arous.com\/immo\/wp-json\/wp\/v2\/pages\/447\/revisions\/1555"}],"wp:attachment":[{"href":"https:\/\/www.ben-arous.com\/immo\/wp-json\/wp\/v2\/media?parent=447"}],"curies":[{"name":"wp","href":"https:\/\/api.w.org\/{rel}","templated":true}]}}