{"id":27,"date":"2025-09-17T01:53:44","date_gmt":"2025-09-17T01:53:44","guid":{"rendered":"https:\/\/ben-arous.com\/ann\/why-us\/"},"modified":"2025-09-17T06:26:44","modified_gmt":"2025-09-17T06:26:44","slug":"qui-sommes-nous","status":"publish","type":"page","link":"https:\/\/www.ben-arous.com\/annuaire\/qui-sommes-nous\/","title":{"rendered":"Qui Sommes-nous"},"content":{"rendered":"<div class=\"wp-block-image\">\n<figure class=\"aligncenter size-full\"><img loading=\"lazy\" decoding=\"async\" width=\"529\" height=\"277\" src=\"https:\/\/ben-arous.com\/ann\/wp-content\/uploads\/2025\/09\/ben-arous-annuaire.jpg\" alt=\"\" class=\"wp-image-111\" srcset=\"https:\/\/www.ben-arous.com\/annuaire\/wp-content\/uploads\/2025\/09\/ben-arous-annuaire.jpg 529w, https:\/\/www.ben-arous.com\/annuaire\/wp-content\/uploads\/2025\/09\/ben-arous-annuaire-300x157.jpg 300w\" sizes=\"auto, (max-width: 529px) 100vw, 529px\" \/><\/figure>\n<\/div>\n\n<p data-start=\"257\" data-end=\"528\">\u00a0<\/p>\n<p data-start=\"257\" data-end=\"528\">Bienvenue sur Ben Arous Annuaire, l\u2019annuaire en ligne d\u00e9di\u00e9 aux entreprises et services du gouvernorat de Ben Arous. Notre plateforme facilite la recherche et la mise en relation avec les professionnels, commerces et soci\u00e9t\u00e9s implant\u00e9s dans toutes les villes de la r\u00e9gion.<\/p>\n<p data-start=\"530\" data-end=\"920\">Explorez les entreprises locales \u00e0 Ben Arous Ville, BouMhel el-Bassatine, El Mourouj, Ezzahra, Fouchana, Hammam Chott, Borj C\u00e9dria, Hammam Lif, Mohamedia, Medina Jedida, M\u00e9grine, Mornag et Rad\u00e8s. Que vous cherchiez un artisan, un prestataire de services, un commerce ou une soci\u00e9t\u00e9 sp\u00e9cialis\u00e9e, notre annuaire vous offre un acc\u00e8s rapide et complet aux meilleures adresses pr\u00e8s de chez vous.<\/p>\n<p data-start=\"922\" data-end=\"1107\">Gr\u00e2ce \u00e0 notre moteur de recherche intuitif et nos cat\u00e9gories claires, trouvez facilement les entreprises qui correspondent \u00e0 vos besoins dans chaque commune du gouvernorat de Ben Arous.<\/p>\n<p data-start=\"1109\" data-end=\"1216\">Faites confiance \u00e0 Ben Arous Annuaire pour d\u00e9couvrir, contacter et soutenir les acteurs \u00e9conomiques locaux !<\/p>","protected":false},"excerpt":{"rendered":"<p>\u00a0 Bienvenue sur Ben Arous Annuaire, l\u2019annuaire en ligne d\u00e9di\u00e9 aux entreprises et services du gouvernorat de Ben Arous. Notre plateforme facilite la recherche et la mise en relation avec les professionnels, commerces et soci\u00e9t\u00e9s implant\u00e9s dans toutes les villes de la r\u00e9gion. Explorez les entreprises locales \u00e0 Ben Arous Ville, BouMhel el-Bassatine, El Mourouj, [&hellip;]<\/p>\n","protected":false},"author":1,"featured_media":0,"parent":0,"menu_order":0,"comment_status":"closed","ping_status":"closed","template":"page-templates\/template-full-width.php","meta":{"footnotes":""},"class_list":["post-27","page","type-page","status-publish","hentry","wp-sticky","no-thumbnail"],"yoast_head":"<!-- This site is optimized with the Yoast SEO plugin v27.4 - https:\/\/yoast.com\/product\/yoast-seo-wordpress\/ -->\n<title>Qui Sommes-nous - Ben Arous Annuaire<\/title>\n<meta name=\"robots\" content=\"index, follow, max-snippet:-1, max-image-preview:large, max-video-preview:-1\" \/>\n<link rel=\"canonical\" href=\"https:\/\/www.ben-arous.com\/annuaire\/qui-sommes-nous\/\" \/>\n<meta property=\"og:locale\" content=\"fr_FR\" \/>\n<meta property=\"og:type\" content=\"article\" \/>\n<meta property=\"og:title\" content=\"Qui Sommes-nous - Ben Arous Annuaire\" \/>\n<meta property=\"og:description\" content=\"\u00a0 Bienvenue sur Ben Arous Annuaire, l\u2019annuaire en ligne d\u00e9di\u00e9 aux entreprises et services du gouvernorat de Ben Arous. Notre plateforme facilite la recherche et la mise en relation avec les professionnels, commerces et soci\u00e9t\u00e9s implant\u00e9s dans toutes les villes de la r\u00e9gion. Explorez les entreprises locales \u00e0 Ben Arous Ville, BouMhel el-Bassatine, El Mourouj, [&hellip;]\" \/>\n<meta property=\"og:url\" content=\"https:\/\/www.ben-arous.com\/annuaire\/qui-sommes-nous\/\" \/>\n<meta property=\"og:site_name\" content=\"Ben Arous Annuaire\" \/>\n<meta property=\"article:modified_time\" content=\"2025-09-17T06:26:44+00:00\" \/>\n<meta property=\"og:image\" content=\"https:\/\/ben-arous.com\/ann\/wp-content\/uploads\/2025\/09\/ben-arous-annuaire.jpg\" \/>\n<meta name=\"twitter:card\" content=\"summary_large_image\" \/>\n<meta name=\"twitter:label1\" content=\"Dur\u00e9e de lecture estim\u00e9e\" \/>\n\t<meta name=\"twitter:data1\" content=\"2 minutes\" \/>\n<!-- \/ Yoast SEO plugin. -->","yoast_head_json":{"title":"Qui Sommes-nous - Ben Arous Annuaire","robots":{"index":"index","follow":"follow","max-snippet":"max-snippet:-1","max-image-preview":"max-image-preview:large","max-video-preview":"max-video-preview:-1"},"canonical":"https:\/\/www.ben-arous.com\/annuaire\/qui-sommes-nous\/","og_locale":"fr_FR","og_type":"article","og_title":"Qui Sommes-nous - Ben Arous Annuaire","og_description":"\u00a0 Bienvenue sur Ben Arous Annuaire, l\u2019annuaire en ligne d\u00e9di\u00e9 aux entreprises et services du gouvernorat de Ben Arous. Notre plateforme facilite la recherche et la mise en relation avec les professionnels, commerces et soci\u00e9t\u00e9s implant\u00e9s dans toutes les villes de la r\u00e9gion. Explorez les entreprises locales \u00e0 Ben Arous Ville, BouMhel el-Bassatine, El Mourouj, [&hellip;]","og_url":"https:\/\/www.ben-arous.com\/annuaire\/qui-sommes-nous\/","og_site_name":"Ben Arous Annuaire","article_modified_time":"2025-09-17T06:26:44+00:00","og_image":[{"url":"https:\/\/ben-arous.com\/ann\/wp-content\/uploads\/2025\/09\/ben-arous-annuaire.jpg","type":"","width":"","height":""}],"twitter_card":"summary_large_image","twitter_misc":{"Dur\u00e9e de lecture estim\u00e9e":"2 minutes"},"schema":{"@context":"https:\/\/schema.org","@graph":[{"@type":"WebPage","@id":"https:\/\/www.ben-arous.com\/annuaire\/qui-sommes-nous\/","url":"https:\/\/www.ben-arous.com\/annuaire\/qui-sommes-nous\/","name":"Qui Sommes-nous - Ben Arous Annuaire","isPartOf":{"@id":"https:\/\/www.ben-arous.com\/annuaire\/#website"},"primaryImageOfPage":{"@id":"https:\/\/www.ben-arous.com\/annuaire\/qui-sommes-nous\/#primaryimage"},"image":{"@id":"https:\/\/www.ben-arous.com\/annuaire\/qui-sommes-nous\/#primaryimage"},"thumbnailUrl":"https:\/\/ben-arous.com\/ann\/wp-content\/uploads\/2025\/09\/ben-arous-annuaire.jpg","datePublished":"2025-09-17T01:53:44+00:00","dateModified":"2025-09-17T06:26:44+00:00","breadcrumb":{"@id":"https:\/\/www.ben-arous.com\/annuaire\/qui-sommes-nous\/#breadcrumb"},"inLanguage":"fr-FR","potentialAction":[{"@type":"ReadAction","target":["https:\/\/www.ben-arous.com\/annuaire\/qui-sommes-nous\/"]}]},{"@type":"ImageObject","inLanguage":"fr-FR","@id":"https:\/\/www.ben-arous.com\/annuaire\/qui-sommes-nous\/#primaryimage","url":"https:\/\/ben-arous.com\/ann\/wp-content\/uploads\/2025\/09\/ben-arous-annuaire.jpg","contentUrl":"https:\/\/ben-arous.com\/ann\/wp-content\/uploads\/2025\/09\/ben-arous-annuaire.jpg"},{"@type":"BreadcrumbList","@id":"https:\/\/www.ben-arous.com\/annuaire\/qui-sommes-nous\/#breadcrumb","itemListElement":[{"@type":"ListItem","position":1,"name":"Home","item":"https:\/\/www.ben-arous.com\/annuaire\/"},{"@type":"ListItem","position":2,"name":"Qui Sommes-nous"}]},{"@type":"WebSite","@id":"https:\/\/www.ben-arous.com\/annuaire\/#website","url":"https:\/\/www.ben-arous.com\/annuaire\/","name":"Ben Arous Annuaire","description":"Annuaire Ben Arous","publisher":{"@id":"https:\/\/www.ben-arous.com\/annuaire\/#organization"},"alternateName":"Ben Arous Annuaire","potentialAction":[{"@type":"SearchAction","target":{"@type":"EntryPoint","urlTemplate":"https:\/\/www.ben-arous.com\/annuaire\/?s={search_term_string}"},"query-input":{"@type":"PropertyValueSpecification","valueRequired":true,"valueName":"search_term_string"}}],"inLanguage":"fr-FR"},{"@type":"Organization","@id":"https:\/\/www.ben-arous.com\/annuaire\/#organization","name":"Ben Arous Annuaire","alternateName":"Ben Arous Annuaire","url":"https:\/\/www.ben-arous.com\/annuaire\/","logo":{"@type":"ImageObject","inLanguage":"fr-FR","@id":"https:\/\/www.ben-arous.com\/annuaire\/#\/schema\/logo\/image\/","url":"https:\/\/www.ben-arous.com\/annuaire\/wp-content\/uploads\/2025\/09\/ben-arous-annuaire.png","contentUrl":"https:\/\/www.ben-arous.com\/annuaire\/wp-content\/uploads\/2025\/09\/ben-arous-annuaire.png","width":512,"height":512,"caption":"Ben Arous Annuaire"},"image":{"@id":"https:\/\/www.ben-arous.com\/annuaire\/#\/schema\/logo\/image\/"}}]}},"_links":{"self":[{"href":"https:\/\/www.ben-arous.com\/annuaire\/wp-json\/wp\/v2\/pages\/27","targetHints":{"allow":["GET"]}}],"collection":[{"href":"https:\/\/www.ben-arous.com\/annuaire\/wp-json\/wp\/v2\/pages"}],"about":[{"href":"https:\/\/www.ben-arous.com\/annuaire\/wp-json\/wp\/v2\/types\/page"}],"author":[{"embeddable":true,"href":"https:\/\/www.ben-arous.com\/annuaire\/wp-json\/wp\/v2\/users\/1"}],"replies":[{"embeddable":true,"href":"https:\/\/www.ben-arous.com\/annuaire\/wp-json\/wp\/v2\/comments?post=27"}],"version-history":[{"count":3,"href":"https:\/\/www.ben-arous.com\/annuaire\/wp-json\/wp\/v2\/pages\/27\/revisions"}],"predecessor-version":[{"id":123,"href":"https:\/\/www.ben-arous.com\/annuaire\/wp-json\/wp\/v2\/pages\/27\/revisions\/123"}],"wp:attachment":[{"href":"https:\/\/www.ben-arous.com\/annuaire\/wp-json\/wp\/v2\/media?parent=27"}],"curies":[{"name":"wp","href":"https:\/\/api.w.org\/{rel}","templated":true}]}}