{"id":18,"date":"2025-09-17T01:52:28","date_gmt":"2025-09-17T01:52:28","guid":{"rendered":"https:\/\/ben-arous.com\/ann\/home\/"},"modified":"2025-09-25T04:19:34","modified_gmt":"2025-09-25T04:19:34","slug":"home","status":"publish","type":"page","link":"https:\/\/www.ben-arous.com\/annuaire\/","title":{"rendered":"Annuaire des Entreprises \u00e0 Ben Arous"},"content":{"rendered":"    <br>\n    <form id=\"searchForm\">\n        <input type=\"text\" id=\"recherche\" placeholder=\"Recherche..\" \/>\n       \n\n        <select id=\"categorie\">\n            <option value=\"\">-- Choisir une cat\u00e9gorie --<\/option>  \n            <option>Agences De Voyages<\/option>\n            <option>Agroalimentaire<\/option>\n            <option>Architectes<\/option>\n            <option>Artisanat<\/option>\n            <option>Arts Graphiques<\/option>\n            <option>Associations<\/option>\n            <option>Assurances<\/option>\n\t\t\t<option>Auto-Ecoles<\/option>\n            <option>Automobile<\/option>\n            <option>Avocats<\/option>\n            <option>Banques<\/option>\n            <option>Beaut\u00e9 & Bien \u00eatre<\/option>\n            <option>Bureaux D'\u00e9tudes<\/option>\n            <option>Centres de Formation<\/option>\n            <option>Chaussures et Maroquinerie<\/option>\n            <option>Clubs D'enfants<\/option>\n            <option>Commerce<\/option>\n            <option>Comptabilit\u00e9<\/option>\n            <option>Construction \/ B\u00e2timent & Travaux<\/option>\n            <option>Cosm\u00e9tiques<\/option>\n            <option>Cuisines et Dressing<\/option>\n            <option>Ecoles & Lyc\u00e9es<\/option>\n            <option>Electricit\u00e9<\/option>\n            <option>Emballage<\/option>\n            <option>Energie Solaire<\/option>\n            <option>Evenementiel<\/option>\n            <option>H\u00f4tels<\/option>\n            <option>Immobilier<\/option>\n            <option>Imprimeries<\/option>\n            <option>Industrie<\/option>\n            <option>Informatique<\/option>\n            <option>Jardins D'enfants<\/option>\n            <option>Jouets et Pu\u00e9riculture<\/option>\n            <option>Location de Voitures<\/option>\n            <option>Location des Robes<\/option>\n            <option>Marketing<\/option>\n            <option>Menuiseries Aluminium<\/option>\n            <option>Meubles et D\u00e9coration<\/option>\n            <option>Mode et V\u00eatements<\/option>\n            <option>Montres et Bijoux<\/option>\n            <option>P\u00e2tisseries & Croissanteries<\/option>\n            <option>P\u00e9trole et Gaz<\/option>\n            <option>Photographie<\/option>\n            <option>Pneumatique<\/option>\n            <option>Restaurants<\/option>\n            <option>Salles de Cin\u00e9ma<\/option>\n            <option>Salles des F\u00eates<\/option>\n            <option>Salons de Th\u00e9<\/option>\n            <option>Sant\u00e9 Tunisie<\/option>\n            <option>Sport et Loisir<\/option>\n            <option>Textile et Confection<\/option>\n            <option>Traitement des Eaux<\/option>\n            <option>Transport<\/option>\n            <option>Troupes Musicales<\/option>\n            <option>Universit\u00e9s Priv\u00e9es<\/option>\n        <\/select>\n\n        <select id=\"ville\">\n            <option value=\"\">-- Choisir une ville --<\/option>\n            <option>Ben Arous Ville<\/option>\n            <option>Borj C\u00e9dria<\/option>\n            <option>BouMhel el-Bassatine<\/option>\n            <option>El Mourouj<\/option>\n            <option>Ezzahra<\/option>\n            <option>Fouchana<\/option>\n            <option>Hammam Chott<\/option>\n            <option>Hammam Lif<\/option>\n            <option>Mohamedia<\/option>\n            <option>Medina Jedida<\/option>\n            <option>M\u00e9grine<\/option>\n            <option>Mornag<\/option>\n            <option>Rad\u00e8s<\/option>\n        <\/select>\n <input type=\"text\" id=\"location\" placeholder=\"O\u00f9? Mourouj 1, Yassminette...\" \/>\n\n        <button type=\"submit\" class=\"button large\">\n            Rechercher &nbsp;&nbsp;<i class=\"fa fa-chevron-circle-right\"><\/i>\n        <\/button>\n    <\/form>\n\n    <script>\n    const villesSlugMap = {\n        \"ben-arous-ville\": \"Ben Arous Ville\",\n        \"boumhel-el-bassatine\": \"BouMhel el-Bassatine\",\n        \"el-mourouj\": \"El Mourouj\",\n        \"ezzahra\": \"Ezzahra\",\n        \"fouchana\": \"Fouchana\",\n        \"hammam-chott\": \"Hammam Chott\",\n        \"borj-cedria\": \"Borj C\u00e9dria\",\n        \"hammam-lif\": \"Hammam Lif\",\n        \"mohamedia\": \"Mohamedia\",\n        \"medina-jedida\": \"Medina Jedida\",\n        \"megrine\": \"M\u00e9grine\",\n        \"mornag\": \"Mornag\",\n        \"rades\": \"Rad\u00e8s\"\n    };\n\n    function slugify(text) {\n        return text.toString()\n            .normalize(\"NFD\")\n            .replace(\/[\\u0300-\\u036f]\/g, \"\")\n            .replace(\/&\/g, \"-\")\n            .replace(\/'\/g, \"\")\n            .replace(\/[^a-zA-Z0-9 -]\/g, \"\")\n            .replace(\/\\s+\/g, \"-\")\n            .replace(\/-+\/g, \"-\")\n            .replace(\/^-+|-+$\/g, \"\")\n            .toLowerCase();\n    }\n\n    function findOptionByLabel(selectElement, label) {\n        for (let option of selectElement.options) {\n            if (option.text.trim().toLowerCase() === label.toLowerCase()) {\n                return option;\n            }\n        }\n        return null;\n    }\n\n    document.addEventListener('DOMContentLoaded', function () {\n        const selectCategorie = document.getElementById('categorie');\n        const selectVille = document.getElementById('ville');\n        const inputRecherche = document.getElementById('recherche');\n        const inputLocation = document.getElementById('location');\n        const path = window.location.pathname.toLowerCase();\n        const urlParams = new URLSearchParams(window.location.search);\n\n        let slugPart = \"\";\n        if (path.includes(\"\/specialite\/\")) {\n            slugPart = path.split(\"\/specialite\/\")[1].split(\"\/\")[0];\n        } else if (path.includes(\"\/categorie\/\")) {\n            slugPart = path.split(\"\/categorie\/\")[1].split(\"\/\")[0];\n        }\n\n        let slugCategorie = \"\";\n        let slugVille = \"\";\n\n        if (slugPart) {\n            for (const [slug, name] of Object.entries(villesSlugMap)) {\n                if (slugPart.endsWith(\"-\" + slug)) {\n                    slugVille = slug;\n                    slugCategorie = slugPart.replace(new RegExp(\"-\" + slug + \"$\"), \"\");\n                    break;\n                } else if (slugPart === slug) {\n                    slugVille = slug;\n                    slugCategorie = \"\";\n                    break;\n                }\n            }\n            if (!slugVille && slugPart) {\n                slugCategorie = slugPart;\n            }\n        }\n\n        if (slugCategorie) {\n            for (let option of selectCategorie.options) {\n                if (slugify(option.text.trim()) === slugCategorie) {\n                    option.selected = true;\n                    break;\n                }\n            }\n        }\n\n        if (slugVille) {\n            const villeLabel = villesSlugMap[slugVille];\n            const villeOption = findOptionByLabel(selectVille, villeLabel);\n            if (villeOption) {\n                villeOption.selected = true;\n            }\n        }\n\n        if (urlParams.has('ls')) {\n            inputRecherche.value = decodeURIComponent(urlParams.get('ls'));\n        }\n\n        if (urlParams.has('location')) {\n            inputLocation.value = decodeURIComponent(urlParams.get('location'));\n        }\n\n        document.getElementById('searchForm').addEventListener('submit', function (e) {\n            e.preventDefault();\n\n            const categorie = selectCategorie.value.trim();\n            const ville = selectVille.value.trim();\n            const recherche = inputRecherche.value.trim();\n            const location = inputLocation.value.trim();\n\n            const slugCategorie = categorie ? slugify(categorie) : \"\";\n            const slugVille = ville ? slugify(ville) : \"\";\n\n            let url = \"https:\/\/www.ben-arous.com\/annuaire\/entreprises\/\";\n\n            if (slugCategorie && slugVille) {\n                url += `specialite\/${slugCategorie}-${slugVille}`;\n            } else if (slugVille) {\n                url += `specialite\/${slugVille}`;\n            } else if (slugCategorie) {\n                url += `categorie\/${slugCategorie}`;\n            }\n\n           let queryString = `?ls=${encodeURIComponent(recherche)}&location=${encodeURIComponent(location)}`;\nurl += queryString;\n\n            window.location.href = url;\n        });\n    });\n    <\/script>\n    \n\n\n\n<a class=\"button large\" href=\"entreprises\/?ls=\">Liste des Entreprises &nbsp;&nbsp;<i class=\"fa fa-chevron-circle-right\"><\/i><\/a>\n","protected":false},"excerpt":{"rendered":"<p>Liste des Entreprises &nbsp;&nbsp;<\/p>\n","protected":false},"author":1,"featured_media":111,"parent":0,"menu_order":0,"comment_status":"closed","ping_status":"closed","template":"page-templates\/template-home.php","meta":{"footnotes":""},"class_list":["post-18","page","type-page","status-publish","has-post-thumbnail","hentry","wp-sticky"],"yoast_head":"<!-- This site is optimized with the Yoast SEO plugin v27.3 - https:\/\/yoast.com\/product\/yoast-seo-wordpress\/ -->\n<title>Annuaire des Entreprises \u00e0 Ben Arous<\/title>\n<meta name=\"description\" content=\"Annuaire N\u00b01 des entreprises locales et zone industrielle ben arous, \u00e0 Hammam Chott, Borj C\u00e9dria, Hammam Lif, Mohamedia, Ben Arous Ville, BouMhel el-Bassatine, El Mourouj, Ezzahra, Fouchana, Medina Jedida, M\u00e9grine, Mornag et Rad\u00e8s. Que vous cherchiez un artisan, un prestataire de services, un commerce ou une soci\u00e9t\u00e9 sp\u00e9cialis\u00e9e, notre annuaire gratuit vous offre un acc\u00e8s rapide et complet aux meilleures adresses pr\u00e8s de chez vous.\" \/>\n<meta name=\"robots\" content=\"index, follow, max-snippet:-1, max-image-preview:large, max-video-preview:-1\" \/>\n<link rel=\"canonical\" href=\"https:\/\/www.ben-arous.com\/annuaire\/\" \/>\n<meta property=\"og:locale\" content=\"fr_FR\" \/>\n<meta property=\"og:type\" content=\"article\" \/>\n<meta property=\"og:title\" content=\"Annuaire des Entreprises \u00e0 Ben Arous\" \/>\n<meta property=\"og:description\" content=\"Annuaire N\u00b01 des entreprises locales et zone industrielle ben arous, \u00e0 Hammam Chott, Borj C\u00e9dria, Hammam Lif, Mohamedia, Ben Arous Ville, BouMhel el-Bassatine, El Mourouj, Ezzahra, Fouchana, Medina Jedida, M\u00e9grine, Mornag et Rad\u00e8s. Que vous cherchiez un artisan, un prestataire de services, un commerce ou une soci\u00e9t\u00e9 sp\u00e9cialis\u00e9e, notre annuaire gratuit vous offre un acc\u00e8s rapide et complet aux meilleures adresses pr\u00e8s de chez vous.\" \/>\n<meta property=\"og:url\" content=\"https:\/\/www.ben-arous.com\/annuaire\/\" \/>\n<meta property=\"og:site_name\" content=\"Ben Arous Annuaire\" \/>\n<meta property=\"article:modified_time\" content=\"2025-09-25T04:19:34+00:00\" \/>\n<meta property=\"og:image\" content=\"https:\/\/www.ben-arous.com\/annuaire\/wp-content\/uploads\/2025\/09\/ben-arous-annuaire.jpg\" \/>\n\t<meta property=\"og:image:width\" content=\"529\" \/>\n\t<meta property=\"og:image:height\" content=\"277\" \/>\n\t<meta property=\"og:image:type\" content=\"image\/jpeg\" \/>\n<meta name=\"twitter:card\" content=\"summary_large_image\" \/>\n<meta name=\"twitter:label1\" content=\"Dur\u00e9e de lecture estim\u00e9e\" \/>\n\t<meta name=\"twitter:data1\" content=\"1 minute\" \/>\n<!-- \/ Yoast SEO plugin. -->","yoast_head_json":{"title":"Annuaire des Entreprises \u00e0 Ben Arous","description":"Annuaire N\u00b01 des entreprises locales et zone industrielle ben arous, \u00e0 Hammam Chott, Borj C\u00e9dria, Hammam Lif, Mohamedia, Ben Arous Ville, BouMhel el-Bassatine, El Mourouj, Ezzahra, Fouchana, Medina Jedida, M\u00e9grine, Mornag et Rad\u00e8s. Que vous cherchiez un artisan, un prestataire de services, un commerce ou une soci\u00e9t\u00e9 sp\u00e9cialis\u00e9e, notre annuaire gratuit vous offre un acc\u00e8s rapide et complet aux meilleures adresses pr\u00e8s de chez vous.","robots":{"index":"index","follow":"follow","max-snippet":"max-snippet:-1","max-image-preview":"max-image-preview:large","max-video-preview":"max-video-preview:-1"},"canonical":"https:\/\/www.ben-arous.com\/annuaire\/","og_locale":"fr_FR","og_type":"article","og_title":"Annuaire des Entreprises \u00e0 Ben Arous","og_description":"Annuaire N\u00b01 des entreprises locales et zone industrielle ben arous, \u00e0 Hammam Chott, Borj C\u00e9dria, Hammam Lif, Mohamedia, Ben Arous Ville, BouMhel el-Bassatine, El Mourouj, Ezzahra, Fouchana, Medina Jedida, M\u00e9grine, Mornag et Rad\u00e8s. Que vous cherchiez un artisan, un prestataire de services, un commerce ou une soci\u00e9t\u00e9 sp\u00e9cialis\u00e9e, notre annuaire gratuit vous offre un acc\u00e8s rapide et complet aux meilleures adresses pr\u00e8s de chez vous.","og_url":"https:\/\/www.ben-arous.com\/annuaire\/","og_site_name":"Ben Arous Annuaire","article_modified_time":"2025-09-25T04:19:34+00:00","og_image":[{"width":529,"height":277,"url":"https:\/\/www.ben-arous.com\/annuaire\/wp-content\/uploads\/2025\/09\/ben-arous-annuaire.jpg","type":"image\/jpeg"}],"twitter_card":"summary_large_image","twitter_misc":{"Dur\u00e9e de lecture estim\u00e9e":"1 minute"},"schema":{"@context":"https:\/\/schema.org","@graph":[{"@type":"WebPage","@id":"https:\/\/www.ben-arous.com\/annuaire\/","url":"https:\/\/www.ben-arous.com\/annuaire\/","name":"Annuaire des Entreprises \u00e0 Ben Arous","isPartOf":{"@id":"https:\/\/www.ben-arous.com\/annuaire\/#website"},"primaryImageOfPage":{"@id":"https:\/\/www.ben-arous.com\/annuaire\/#primaryimage"},"image":{"@id":"https:\/\/www.ben-arous.com\/annuaire\/#primaryimage"},"thumbnailUrl":"https:\/\/www.ben-arous.com\/annuaire\/wp-content\/uploads\/2025\/09\/ben-arous-annuaire.jpg","datePublished":"2025-09-17T01:52:28+00:00","dateModified":"2025-09-25T04:19:34+00:00","description":"Annuaire N\u00b01 des entreprises locales et zone industrielle ben arous, \u00e0 Hammam Chott, Borj C\u00e9dria, Hammam Lif, Mohamedia, Ben Arous Ville, BouMhel el-Bassatine, El Mourouj, Ezzahra, Fouchana, Medina Jedida, M\u00e9grine, Mornag et Rad\u00e8s. Que vous cherchiez un artisan, un prestataire de services, un commerce ou une soci\u00e9t\u00e9 sp\u00e9cialis\u00e9e, notre annuaire gratuit vous offre un acc\u00e8s rapide et complet aux meilleures adresses pr\u00e8s de chez vous.","breadcrumb":{"@id":"https:\/\/www.ben-arous.com\/annuaire\/#breadcrumb"},"inLanguage":"fr-FR","potentialAction":[{"@type":"ReadAction","target":["https:\/\/www.ben-arous.com\/annuaire\/"]}]},{"@type":"ImageObject","inLanguage":"fr-FR","@id":"https:\/\/www.ben-arous.com\/annuaire\/#primaryimage","url":"https:\/\/www.ben-arous.com\/annuaire\/wp-content\/uploads\/2025\/09\/ben-arous-annuaire.jpg","contentUrl":"https:\/\/www.ben-arous.com\/annuaire\/wp-content\/uploads\/2025\/09\/ben-arous-annuaire.jpg","width":529,"height":277},{"@type":"BreadcrumbList","@id":"https:\/\/www.ben-arous.com\/annuaire\/#breadcrumb","itemListElement":[{"@type":"ListItem","position":1,"name":"Home","item":"https:\/\/www.ben-arous.com\/annuaire\/"},{"@type":"ListItem","position":2,"name":"Annuaire des Entreprises \u00e0 Ben Arous"}]},{"@type":"WebSite","@id":"https:\/\/www.ben-arous.com\/annuaire\/#website","url":"https:\/\/www.ben-arous.com\/annuaire\/","name":"Ben Arous Annuaire","description":"Annuaire Ben Arous","publisher":{"@id":"https:\/\/www.ben-arous.com\/annuaire\/#organization"},"alternateName":"Ben Arous Annuaire","potentialAction":[{"@type":"SearchAction","target":{"@type":"EntryPoint","urlTemplate":"https:\/\/www.ben-arous.com\/annuaire\/?s={search_term_string}"},"query-input":{"@type":"PropertyValueSpecification","valueRequired":true,"valueName":"search_term_string"}}],"inLanguage":"fr-FR"},{"@type":"Organization","@id":"https:\/\/www.ben-arous.com\/annuaire\/#organization","name":"Ben Arous Annuaire","alternateName":"Ben Arous Annuaire","url":"https:\/\/www.ben-arous.com\/annuaire\/","logo":{"@type":"ImageObject","inLanguage":"fr-FR","@id":"https:\/\/www.ben-arous.com\/annuaire\/#\/schema\/logo\/image\/","url":"https:\/\/www.ben-arous.com\/annuaire\/wp-content\/uploads\/2025\/09\/ben-arous-annuaire.png","contentUrl":"https:\/\/www.ben-arous.com\/annuaire\/wp-content\/uploads\/2025\/09\/ben-arous-annuaire.png","width":512,"height":512,"caption":"Ben Arous Annuaire"},"image":{"@id":"https:\/\/www.ben-arous.com\/annuaire\/#\/schema\/logo\/image\/"}}]}},"_links":{"self":[{"href":"https:\/\/www.ben-arous.com\/annuaire\/wp-json\/wp\/v2\/pages\/18","targetHints":{"allow":["GET"]}}],"collection":[{"href":"https:\/\/www.ben-arous.com\/annuaire\/wp-json\/wp\/v2\/pages"}],"about":[{"href":"https:\/\/www.ben-arous.com\/annuaire\/wp-json\/wp\/v2\/types\/page"}],"author":[{"embeddable":true,"href":"https:\/\/www.ben-arous.com\/annuaire\/wp-json\/wp\/v2\/users\/1"}],"replies":[{"embeddable":true,"href":"https:\/\/www.ben-arous.com\/annuaire\/wp-json\/wp\/v2\/comments?post=18"}],"version-history":[{"count":9,"href":"https:\/\/www.ben-arous.com\/annuaire\/wp-json\/wp\/v2\/pages\/18\/revisions"}],"predecessor-version":[{"id":808,"href":"https:\/\/www.ben-arous.com\/annuaire\/wp-json\/wp\/v2\/pages\/18\/revisions\/808"}],"wp:featuredmedia":[{"embeddable":true,"href":"https:\/\/www.ben-arous.com\/annuaire\/wp-json\/wp\/v2\/media\/111"}],"wp:attachment":[{"href":"https:\/\/www.ben-arous.com\/annuaire\/wp-json\/wp\/v2\/media?parent=18"}],"curies":[{"name":"wp","href":"https:\/\/api.w.org\/{rel}","templated":true}]}}